{"id":75,"date":"2022-10-12T13:12:18","date_gmt":"2022-10-12T13:12:18","guid":{"rendered":"https:\/\/jansenimmobilien.de\/?page_id=75"},"modified":"2022-10-14T12:54:34","modified_gmt":"2022-10-14T12:54:34","slug":"wissen-rund-um-immobilien","status":"publish","type":"page","link":"https:\/\/jansenimmobilien.de\/index.php\/wissen-rund-um-immobilien\/","title":{"rendered":"Wissen rund um Immobilien"},"content":{"rendered":"\n<div class=\"wp-block-group alignfull has-white-background-color has-text-color has-background has-link-color wp-elements-51431482f3fe41b996187423203edd08 is-layout-constrained wp-container-core-group-is-layout-d794d2f0 wp-block-group-is-layout-constrained\" style=\"color:#717171;padding-top:0px;padding-right:0px;padding-bottom:0px;padding-left:0px\">\n<div class=\"wp-block-group alignfull has-background-background-color has-background is-layout-constrained wp-block-group-is-layout-constrained\">\n<div class=\"wp-block-gutenify-container alignwide gutenify-block-container-wrapper gutenify-section-5525fec5-c043-4190-b1e6-d78afde6ea5f gutenify-container-version-2\"><div class=\"gutenify-container\">\n<div class=\"wp-block-columns are-vertically-aligned-center is-layout-flex wp-container-core-columns-is-layout-28f84493 wp-block-columns-is-layout-flex\">\n<div class=\"wp-block-column is-vertically-aligned-center is-layout-flow wp-block-column-is-layout-flow\">\n<figure class=\"wp-block-image size-large is-style-default\"><img loading=\"lazy\" decoding=\"async\" width=\"1024\" height=\"768\" src=\"https:\/\/jansenimmobilien.de\/wp-content\/uploads\/2022\/10\/jansen-immobilien-berlin-haus-mit-dachgeschoss-1024x768.jpg\" alt=\"Jansen Immobilien Berlin\" class=\"wp-image-13\" srcset=\"https:\/\/jansenimmobilien.de\/wp-content\/uploads\/2022\/10\/jansen-immobilien-berlin-haus-mit-dachgeschoss-1024x768.jpg 1024w, https:\/\/jansenimmobilien.de\/wp-content\/uploads\/2022\/10\/jansen-immobilien-berlin-haus-mit-dachgeschoss-300x225.jpg 300w, https:\/\/jansenimmobilien.de\/wp-content\/uploads\/2022\/10\/jansen-immobilien-berlin-haus-mit-dachgeschoss-768x576.jpg 768w, https:\/\/jansenimmobilien.de\/wp-content\/uploads\/2022\/10\/jansen-immobilien-berlin-haus-mit-dachgeschoss-1536x1152.jpg 1536w, https:\/\/jansenimmobilien.de\/wp-content\/uploads\/2022\/10\/jansen-immobilien-berlin-haus-mit-dachgeschoss.jpg 2000w\" sizes=\"auto, (max-width: 1024px) 100vw, 1024px\" \/><\/figure>\n<\/div>\n\n\n\n<div class=\"wp-block-column is-vertically-aligned-center is-layout-flow wp-block-column-is-layout-flow\" style=\"flex-basis:10px\"><\/div>\n\n\n\n<div class=\"wp-block-column is-vertically-aligned-center is-layout-flow wp-block-column-is-layout-flow\">\n<h1 class=\"has-black-color has-text-color has-extra-large-font-size wp-block-heading\" id=\"we-are-full-site-editing\" style=\"font-style:normal;font-weight:700\"><strong>Die Immobilienwelt<\/strong><\/h1>\n\n\n\n<p class=\"has-text-color has-extra-small-font-size\" style=\"color:#000000\">Sie ist gepr\u00e4gt von komplexen Zusammenh\u00e4ngen und zahlreichen Einzelthemen. Diese Welt beinhaltet rechtliche, technische, finanzielle Spezialisierungen sowie fach\u00fcbergreifendes Wissen und eine durchaus spezifische Sprache.<\/p>\n\n\n\n<p class=\"has-custom-farbe-1-color has-text-color has-medium-font-size\"><strong>Der Objekt- Preisvergleich<\/strong><\/p>\n\n\n\n<p>Eigennutzung oder als Kapitalanlage: Die Lage der Immobilie entscheidet \u00fcber die Wertentwicklung und\/oder Vermietbarkeit, der Zustand der Immobilie \u00fcber die Folgekosten und\/oder Renditen<\/p>\n\n\n\n<p class=\"has-custom-farbe-1-color has-text-color has-medium-font-size\"><strong>DIENSTLEISTUNG<\/strong><\/p>\n\n\n\n<p>Wir sind darauf spezialisiert, Immobilieneigent\u00fcmer bei der Vermarktung Ihrer Immobilie effektiv zu unterst\u00fctzen<\/p>\n\n\n\n<div class=\"wp-block-gutenify-buttons wp-block-buttons gutenify-buttons-version-2 gutenify-section-86c5a869-9aa0-434f-914a-3f8795679f8a\"><\/div>\n<\/div>\n<\/div>\n<\/div><\/div>\n<\/div>\n\n\n\n<div class=\"wp-block-group alignfull has-background-background-color has-background is-layout-constrained wp-block-group-is-layout-constrained\">\n<div class=\"wp-block-gutenify-container alignwide gutenify-block-container-wrapper gutenify-section-5525fec5-c043-4190-b1e6-d78afde6ea5f gutenify-container-version-2\"><div class=\"gutenify-container\">\n<div class=\"wp-block-columns are-vertically-aligned-center is-layout-flex wp-container-core-columns-is-layout-28f84493 wp-block-columns-is-layout-flex\">\n<div class=\"wp-block-column is-vertically-aligned-center is-layout-flow wp-block-column-is-layout-flow\">\n<p class=\"has-custom-farbe-1-color has-text-color has-medium-font-size\"><strong>DER ABLAUF \/ WEG<\/strong><\/p>\n\n\n\n<p>Vertr\u00e4ge und deren Pr\u00fcfung.<br>Gebrauchte Immobilien werden direkt vom Eigent\u00fcmer ver\u00e4u\u00dfert oder \u00fcber einen Makler vermittelt. In diesem Fall l\u00e4uft die Vertragsabwicklung \u00fcber einen Notar. Doch die Kaufvertr\u00e4ge sind zumeist im \u201eJuristendeutsch\u201d verfasst und f\u00fcr Laien nur schwer verst\u00e4ndlich. <br> &#8211; Was steht genau im Vertrag? <br> &#8211; Was ist wichtig und welche Regeln gelten? <br>Da notariell beurkundete Kaufvorg\u00e4nge einer Immobilie so gut wie nicht mehr r\u00fcckg\u00e4ngig zu machen sind, sollte hundertprozentige Sicherheit herrschen, was genau dort steht.<\/p>\n<\/div>\n\n\n\n<div class=\"wp-block-column is-vertically-aligned-center is-layout-flow wp-block-column-is-layout-flow\" style=\"flex-basis:10px\"><\/div>\n\n\n\n<div class=\"wp-block-column is-vertically-aligned-center is-layout-flow wp-block-column-is-layout-flow\">\n<figure class=\"wp-block-image size-large is-style-default\"><img loading=\"lazy\" decoding=\"async\" width=\"1024\" height=\"609\" src=\"https:\/\/jansenimmobilien.de\/wp-content\/uploads\/2022\/10\/jansen-immobilien-berlin-weinmeist-1024x609.jpg\" alt=\"Jansen Immobilien Berlin\" class=\"wp-image-15\" srcset=\"https:\/\/jansenimmobilien.de\/wp-content\/uploads\/2022\/10\/jansen-immobilien-berlin-weinmeist-1024x609.jpg 1024w, https:\/\/jansenimmobilien.de\/wp-content\/uploads\/2022\/10\/jansen-immobilien-berlin-weinmeist-300x178.jpg 300w, https:\/\/jansenimmobilien.de\/wp-content\/uploads\/2022\/10\/jansen-immobilien-berlin-weinmeist-768x457.jpg 768w, https:\/\/jansenimmobilien.de\/wp-content\/uploads\/2022\/10\/jansen-immobilien-berlin-weinmeist-1536x913.jpg 1536w, https:\/\/jansenimmobilien.de\/wp-content\/uploads\/2022\/10\/jansen-immobilien-berlin-weinmeist.jpg 2000w\" sizes=\"auto, (max-width: 1024px) 100vw, 1024px\" \/><\/figure>\n\n\n\n<div class=\"wp-block-gutenify-buttons wp-block-buttons gutenify-buttons-version-2 gutenify-section-86c5a869-9aa0-434f-914a-3f8795679f8a\"><\/div>\n<\/div>\n<\/div>\n<\/div><\/div>\n<\/div>\n<\/div>\n","protected":false},"excerpt":{"rendered":"","protected":false},"author":1,"featured_media":0,"parent":0,"menu_order":0,"comment_status":"closed","ping_status":"closed","template":"","meta":{"gutenify_custom_css":"","gutenify_custom_css_data":"","footnotes":""},"class_list":["post-75","page","type-page","status-publish","hentry"],"amp_enabled":true,"_links":{"self":[{"href":"https:\/\/jansenimmobilien.de\/index.php\/wp-json\/wp\/v2\/pages\/75","targetHints":{"allow":["GET"]}}],"collection":[{"href":"https:\/\/jansenimmobilien.de\/index.php\/wp-json\/wp\/v2\/pages"}],"about":[{"href":"https:\/\/jansenimmobilien.de\/index.php\/wp-json\/wp\/v2\/types\/page"}],"author":[{"embeddable":true,"href":"https:\/\/jansenimmobilien.de\/index.php\/wp-json\/wp\/v2\/users\/1"}],"replies":[{"embeddable":true,"href":"https:\/\/jansenimmobilien.de\/index.php\/wp-json\/wp\/v2\/comments?post=75"}],"version-history":[{"count":6,"href":"https:\/\/jansenimmobilien.de\/index.php\/wp-json\/wp\/v2\/pages\/75\/revisions"}],"predecessor-version":[{"id":200,"href":"https:\/\/jansenimmobilien.de\/index.php\/wp-json\/wp\/v2\/pages\/75\/revisions\/200"}],"wp:attachment":[{"href":"https:\/\/jansenimmobilien.de\/index.php\/wp-json\/wp\/v2\/media?parent=75"}],"curies":[{"name":"wp","href":"https:\/\/api.w.org\/{rel}","templated":true}]}}